{"id":392,"date":"2025-11-13T14:20:05","date_gmt":"2025-11-13T17:20:05","guid":{"rendered":"https:\/\/noestango.com.ar\/?page_id=392"},"modified":"2026-03-20T16:08:55","modified_gmt":"2026-03-20T19:08:55","slug":"inicio","status":"publish","type":"page","link":"https:\/\/noestango.com.ar\/en\/","title":{"rendered":"Inicio"},"content":{"rendered":"<div data-elementor-type=\"wp-page\" data-elementor-id=\"392\" class=\"elementor elementor-392\" data-elementor-post-type=\"page\">\n\t\t\t\t<div class=\"elementor-element elementor-element-ccb1202 e-con-full elementor-hidden-mobile e-flex e-con e-parent\" data-id=\"ccb1202\" data-element_type=\"container\" data-e-type=\"container\" data-settings=\"{&quot;background_background&quot;:&quot;video&quot;,&quot;background_video_link&quot;:&quot;https:\\\/\\\/noestango.com.ar\\\/wp-content\\\/uploads\\\/2026\\\/03\\\/final_764.mp4&quot;}\">\n\t\t<div class=\"elementor-background-video-container elementor-hidden-mobile\">\n\t\t\t\t\t\t\t<video class=\"elementor-background-video-hosted\" role=\"presentation\" autoplay muted playsinline loop><\/video>\n\t\t\t\t\t<\/div>\t\t<\/div>\n\t\t<div class=\"elementor-element elementor-element-0521b21 e-con-full elementor-hidden-desktop elementor-hidden-tablet e-flex e-con e-parent\" data-id=\"0521b21\" data-element_type=\"container\" data-e-type=\"container\">\n\t\t\t\t<div class=\"elementor-element elementor-element-9efa7a0 elementor--h-position-center elementor--v-position-middle elementor-widget elementor-widget-slides\" data-id=\"9efa7a0\" data-element_type=\"widget\" data-e-type=\"widget\" data-settings=\"{&quot;navigation&quot;:&quot;none&quot;,&quot;transition&quot;:&quot;fade&quot;,&quot;autoplay&quot;:&quot;yes&quot;,&quot;pause_on_hover&quot;:&quot;yes&quot;,&quot;pause_on_interaction&quot;:&quot;yes&quot;,&quot;autoplay_speed&quot;:5000,&quot;infinite&quot;:&quot;yes&quot;,&quot;transition_speed&quot;:500}\" data-widget_type=\"slides.default\">\n\t\t\t\t\t\t\t\t\t\t<div class=\"elementor-slides-wrapper elementor-main-swiper swiper\" role=\"region\" aria-roledescription=\"carousel\" aria-label=\"Slides\" dir=\"ltr\" data-animation=\"fadeInUp\">\n\t\t\t\t<div class=\"swiper-wrapper elementor-slides\">\n\t\t\t\t\t\t\t\t\t\t<div class=\"elementor-repeater-item-f5fba88 swiper-slide\" role=\"group\" aria-roledescription=\"slide\"><div class=\"swiper-slide-bg elementor-ken-burns elementor-ken-burns--in\" role=\"img\" aria-label=\"01\"><\/div><div class=\"swiper-slide-inner\" ><div class=\"swiper-slide-contents\"><\/div><\/div><\/div><div class=\"elementor-repeater-item-cd84a99 swiper-slide\" role=\"group\" aria-roledescription=\"slide\"><div class=\"swiper-slide-bg elementor-ken-burns elementor-ken-burns--in\" role=\"img\" aria-label=\"02\"><\/div><div class=\"swiper-slide-inner\" ><div class=\"swiper-slide-contents\"><\/div><\/div><\/div><div class=\"elementor-repeater-item-d58e233 swiper-slide\" role=\"group\" aria-roledescription=\"slide\"><div class=\"swiper-slide-bg elementor-ken-burns elementor-ken-burns--in\" role=\"img\" aria-label=\"04\"><\/div><div class=\"swiper-slide-inner\" ><div class=\"swiper-slide-contents\"><\/div><\/div><\/div><div class=\"elementor-repeater-item-d08c646 swiper-slide\" role=\"group\" aria-roledescription=\"slide\"><div class=\"swiper-slide-bg elementor-ken-burns elementor-ken-burns--in\" role=\"img\" aria-label=\"03\"><\/div><div class=\"swiper-slide-inner\" ><div class=\"swiper-slide-contents\"><\/div><\/div><\/div><div class=\"elementor-repeater-item-ee1b581 swiper-slide\" role=\"group\" aria-roledescription=\"slide\"><div class=\"swiper-slide-bg elementor-ken-burns elementor-ken-burns--in\" role=\"img\" aria-label=\"06\"><\/div><div class=\"swiper-slide-inner\" ><div class=\"swiper-slide-contents\"><\/div><\/div><\/div>\t\t\t\t<\/div>\n\t\t\t\t\t\t\t\t\t\t\t\t\t\t\t\t\t\t\t\t\t<\/div>\n\t\t\t\t\t\t\t\t<\/div>\n\t\t\t\t<\/div>\n\t\t<div class=\"elementor-element elementor-element-3fc6537 e-con-full e-flex e-con e-parent\" data-id=\"3fc6537\" data-element_type=\"container\" data-e-type=\"container\" data-settings=\"{&quot;background_background&quot;:&quot;classic&quot;}\">\n\t\t<div class=\"elementor-element elementor-element-70f91b5 e-con-full e-flex e-con e-child\" data-id=\"70f91b5\" data-element_type=\"container\" data-e-type=\"container\">\n\t\t\t\t<div class=\"elementor-element elementor-element-9d9f953 elementor-widget elementor-widget-menu-anchor\" data-id=\"9d9f953\" data-element_type=\"widget\" data-e-type=\"widget\" data-widget_type=\"menu-anchor.default\">\n\t\t\t\t\t\t\t<div class=\"elementor-menu-anchor\" id=\"noestango\"><\/div>\n\t\t\t\t\t\t<\/div>\n\t\t\t\t<div class=\"elementor-element elementor-element-c632802 elementor-invisible elementor-widget elementor-widget-heading\" data-id=\"c632802\" data-element_type=\"widget\" data-e-type=\"widget\" data-settings=\"{&quot;_animation&quot;:&quot;fadeInDown&quot;}\" data-widget_type=\"heading.default\">\n\t\t\t\t\t<h2 class=\"elementor-heading-title elementor-size-default\">NOESTANGO<\/h2>\t\t\t\t<\/div>\n\t\t\t\t<div class=\"elementor-element elementor-element-33ce164 animated-slow elementor-invisible elementor-widget elementor-widget-text-editor\" data-id=\"33ce164\" data-element_type=\"widget\" data-e-type=\"widget\" data-settings=\"{&quot;_animation&quot;:&quot;fadeIn&quot;}\" data-widget_type=\"text-editor.default\">\n\t\t\t\t\t\t\t\t\t<p><span style=\"font-weight: 400;\">The work NOESTANGO is the result of collaboration and interaction with various local artists from the fields of theater, dance, and music. It poses a question about tango as an artistic expression, considering its glorious past and its present, so heavily influenced by a cultural industry that strives to keep it unchanged and offers little opportunity for reinvention.<\/span><\/p>\t\t\t\t\t\t\t\t<\/div>\n\t\t\t\t<div class=\"elementor-element elementor-element-ecdd023 elementor-widget elementor-widget-button\" data-id=\"ecdd023\" data-element_type=\"widget\" data-e-type=\"widget\" data-widget_type=\"button.default\">\n\t\t\t\t\t\t\t\t\t\t<a class=\"elementor-button elementor-button-link elementor-size-sm\" href=\"\/en\/noestango\/\">\n\t\t\t\t\t\t<span class=\"elementor-button-content-wrapper\">\n\t\t\t\t\t\t\t\t\t<span class=\"elementor-button-text\">READ MORE<\/span>\n\t\t\t\t\t<\/span>\n\t\t\t\t\t<\/a>\n\t\t\t\t\t\t\t\t<\/div>\n\t\t\t\t<\/div>\n\t\t<div class=\"elementor-element elementor-element-7c360bd e-con-full e-flex e-con e-child\" data-id=\"7c360bd\" data-element_type=\"container\" data-e-type=\"container\">\n\t\t\t\t<\/div>\n\t\t\t\t<\/div>\n\t\t<div class=\"elementor-element elementor-element-ddca9f5 e-con-full e-flex e-con e-parent\" data-id=\"ddca9f5\" data-element_type=\"container\" data-e-type=\"container\">\n\t\t<div class=\"elementor-element elementor-element-adc2522 e-con-full e-flex e-con e-child\" data-id=\"adc2522\" data-element_type=\"container\" data-e-type=\"container\">\n\t\t\t\t<div class=\"elementor-element elementor-element-f65f670 elementor-invisible elementor-widget elementor-widget-heading\" data-id=\"f65f670\" data-element_type=\"widget\" data-e-type=\"widget\" data-settings=\"{&quot;_animation&quot;:&quot;fadeInDown&quot;}\" data-widget_type=\"heading.default\">\n\t\t\t\t\t<h2 class=\"elementor-heading-title elementor-size-default\">WORKSHOPS<\/h2>\t\t\t\t<\/div>\n\t\t\t\t<div class=\"elementor-element elementor-element-d982f70 animated-slow elementor-invisible elementor-widget elementor-widget-text-editor\" data-id=\"d982f70\" data-element_type=\"widget\" data-e-type=\"widget\" data-settings=\"{&quot;_animation&quot;:&quot;fadeIn&quot;}\" data-widget_type=\"text-editor.default\">\n\t\t\t\t\t\t\t\t\t<p>Intensive training spaces that explore the language of movement from diverse perspectives. The workshops combine intensive sessions, masterclasses for musicians, and tango-focused dance classes, creating an encounter between body, music, and expression. This program invites participants to experience tango as a living dialogue between sound and movement.<\/p>\t\t\t\t\t\t\t\t<\/div>\n\t\t\t\t<div class=\"elementor-element elementor-element-766f10b elementor-widget elementor-widget-button\" data-id=\"766f10b\" data-element_type=\"widget\" data-e-type=\"widget\" data-widget_type=\"button.default\">\n\t\t\t\t\t\t\t\t\t\t<a class=\"elementor-button elementor-button-link elementor-size-sm\" href=\"\/en\/workshops\/\">\n\t\t\t\t\t\t<span class=\"elementor-button-content-wrapper\">\n\t\t\t\t\t\t\t\t\t<span class=\"elementor-button-text\">READ MORE<\/span>\n\t\t\t\t\t<\/span>\n\t\t\t\t\t<\/a>\n\t\t\t\t\t\t\t\t<\/div>\n\t\t\t\t<\/div>\n\t\t<div class=\"elementor-element elementor-element-51dbfdf e-con-full e-flex e-con e-child\" data-id=\"51dbfdf\" data-element_type=\"container\" data-e-type=\"container\">\n\t\t\t\t<div class=\"elementor-element elementor-element-f962fbb elementor-widget elementor-widget-menu-anchor\" data-id=\"f962fbb\" data-element_type=\"widget\" data-e-type=\"widget\" data-widget_type=\"menu-anchor.default\">\n\t\t\t\t\t\t\t<div class=\"elementor-menu-anchor\" id=\"workshops\"><\/div>\n\t\t\t\t\t\t<\/div>\n\t\t\t\t<div class=\"elementor-element elementor-element-2ab00d0 elementor-widget elementor-widget-image\" data-id=\"2ab00d0\" data-element_type=\"widget\" data-e-type=\"widget\" data-widget_type=\"image.default\">\n\t\t\t\t\t\t\t\t\t\t\t\t\t\t\t<img fetchpriority=\"high\" decoding=\"async\" width=\"800\" height=\"800\" src=\"https:\/\/noestango.com.ar\/wp-content\/uploads\/2026\/03\/wkshps.jpg\" class=\"attachment-full size-full wp-image-701\" alt=\"\" srcset=\"https:\/\/noestango.com.ar\/wp-content\/uploads\/2026\/03\/wkshps.jpg 800w, https:\/\/noestango.com.ar\/wp-content\/uploads\/2026\/03\/wkshps-300x300.jpg 300w, https:\/\/noestango.com.ar\/wp-content\/uploads\/2026\/03\/wkshps-150x150.jpg 150w, https:\/\/noestango.com.ar\/wp-content\/uploads\/2026\/03\/wkshps-768x768.jpg 768w, https:\/\/noestango.com.ar\/wp-content\/uploads\/2026\/03\/wkshps-12x12.jpg 12w\" sizes=\"(max-width: 800px) 100vw, 800px\" \/>\t\t\t\t\t\t\t\t\t\t\t\t\t\t\t<\/div>\n\t\t\t\t<\/div>\n\t\t\t\t<\/div>\n\t\t<div class=\"elementor-element elementor-element-d7dfb0e e-con-full elementor-hidden-desktop elementor-hidden-tablet elementor-hidden-mobile e-flex e-con e-parent\" data-id=\"d7dfb0e\" data-element_type=\"container\" data-e-type=\"container\" data-settings=\"{&quot;background_background&quot;:&quot;classic&quot;}\">\n\t\t<div class=\"elementor-element elementor-element-56594c3 e-flex e-con-boxed e-con e-child\" data-id=\"56594c3\" data-element_type=\"container\" data-e-type=\"container\">\n\t\t\t\t\t<div class=\"e-con-inner\">\n\t\t\t\t\t<\/div>\n\t\t\t\t<\/div>\n\t\t\t\t<\/div>\n\t\t<div class=\"elementor-element elementor-element-372da9e e-con-full e-flex e-con e-parent\" data-id=\"372da9e\" data-element_type=\"container\" data-e-type=\"container\">\n\t\t<div class=\"elementor-element elementor-element-b6f897b e-con-full e-flex e-con e-child\" data-id=\"b6f897b\" data-element_type=\"container\" data-e-type=\"container\">\n\t\t\t\t<div class=\"elementor-element elementor-element-6cea593 elementor-widget elementor-widget-image\" data-id=\"6cea593\" data-element_type=\"widget\" data-e-type=\"widget\" data-widget_type=\"image.default\">\n\t\t\t\t\t\t\t\t\t\t\t\t\t\t\t<img decoding=\"async\" width=\"800\" height=\"800\" src=\"https:\/\/noestango.com.ar\/wp-content\/uploads\/2025\/11\/nextsteps_01cuadrado.jpg\" class=\"attachment-full size-full wp-image-268\" alt=\"\" srcset=\"https:\/\/noestango.com.ar\/wp-content\/uploads\/2025\/11\/nextsteps_01cuadrado.jpg 800w, https:\/\/noestango.com.ar\/wp-content\/uploads\/2025\/11\/nextsteps_01cuadrado-300x300.jpg 300w, https:\/\/noestango.com.ar\/wp-content\/uploads\/2025\/11\/nextsteps_01cuadrado-150x150.jpg 150w, https:\/\/noestango.com.ar\/wp-content\/uploads\/2025\/11\/nextsteps_01cuadrado-768x768.jpg 768w, https:\/\/noestango.com.ar\/wp-content\/uploads\/2025\/11\/nextsteps_01cuadrado-12x12.jpg 12w\" sizes=\"(max-width: 800px) 100vw, 800px\" \/>\t\t\t\t\t\t\t\t\t\t\t\t\t\t\t<\/div>\n\t\t\t\t<\/div>\n\t\t<div class=\"elementor-element elementor-element-11f284f e-con-full e-flex e-con e-child\" data-id=\"11f284f\" data-element_type=\"container\" data-e-type=\"container\">\n\t\t\t\t<div class=\"elementor-element elementor-element-6a886b9 elementor-widget elementor-widget-menu-anchor\" data-id=\"6a886b9\" data-element_type=\"widget\" data-e-type=\"widget\" data-widget_type=\"menu-anchor.default\">\n\t\t\t\t\t\t\t<div class=\"elementor-menu-anchor\" id=\"nextsteps\"><\/div>\n\t\t\t\t\t\t<\/div>\n\t\t\t\t<div class=\"elementor-element elementor-element-91015d8 elementor-invisible elementor-widget elementor-widget-heading\" data-id=\"91015d8\" data-element_type=\"widget\" data-e-type=\"widget\" data-settings=\"{&quot;_animation&quot;:&quot;fadeInDown&quot;}\" data-widget_type=\"heading.default\">\n\t\t\t\t\t<h2 class=\"elementor-heading-title elementor-size-default\">NEXT STEPS<\/h2>\t\t\t\t<\/div>\n\t\t\t\t<div class=\"elementor-element elementor-element-bc1ce67 animated-slow elementor-invisible elementor-widget elementor-widget-text-editor\" data-id=\"bc1ce67\" data-element_type=\"widget\" data-e-type=\"widget\" data-settings=\"{&quot;_animation&quot;:&quot;fadeIn&quot;}\" data-widget_type=\"text-editor.default\">\n\t\t\t\t\t\t\t\t\t<p>Work in progress:<br \/>The aftermath of the party, the fun, the celebration, the blowout. We don't know if it's the substances that transform us or if there's already something inside us that breaks us down to come out... we don't know, we just go in and dance... we break down, we transform, we come out and go back in.<\/p>\t\t\t\t\t\t\t\t<\/div>\n\t\t\t\t<div class=\"elementor-element elementor-element-cb5d1fc elementor-widget elementor-widget-button\" data-id=\"cb5d1fc\" data-element_type=\"widget\" data-e-type=\"widget\" data-widget_type=\"button.default\">\n\t\t\t\t\t\t\t\t\t\t<a class=\"elementor-button elementor-button-link elementor-size-sm\" href=\"\/en\/next-steps\/\">\n\t\t\t\t\t\t<span class=\"elementor-button-content-wrapper\">\n\t\t\t\t\t\t\t\t\t<span class=\"elementor-button-text\">READ MORE<\/span>\n\t\t\t\t\t<\/span>\n\t\t\t\t\t<\/a>\n\t\t\t\t\t\t\t\t<\/div>\n\t\t\t\t<\/div>\n\t\t<div class=\"elementor-element elementor-element-d7c86ca e-con-full e-flex e-con e-child\" data-id=\"d7c86ca\" data-element_type=\"container\" data-e-type=\"container\">\n\t\t\t\t<div class=\"elementor-element elementor-element-323f310 elementor-widget elementor-widget-image\" data-id=\"323f310\" data-element_type=\"widget\" data-e-type=\"widget\" data-widget_type=\"image.default\">\n\t\t\t\t\t\t\t\t\t\t\t\t\t\t\t<img decoding=\"async\" width=\"800\" height=\"800\" src=\"https:\/\/noestango.com.ar\/wp-content\/uploads\/2025\/11\/nextsteps_02cuadrado.jpg\" class=\"attachment-full size-full wp-image-275\" alt=\"\" srcset=\"https:\/\/noestango.com.ar\/wp-content\/uploads\/2025\/11\/nextsteps_02cuadrado.jpg 800w, https:\/\/noestango.com.ar\/wp-content\/uploads\/2025\/11\/nextsteps_02cuadrado-300x300.jpg 300w, https:\/\/noestango.com.ar\/wp-content\/uploads\/2025\/11\/nextsteps_02cuadrado-150x150.jpg 150w, https:\/\/noestango.com.ar\/wp-content\/uploads\/2025\/11\/nextsteps_02cuadrado-768x768.jpg 768w, https:\/\/noestango.com.ar\/wp-content\/uploads\/2025\/11\/nextsteps_02cuadrado-12x12.jpg 12w\" sizes=\"(max-width: 800px) 100vw, 800px\" \/>\t\t\t\t\t\t\t\t\t\t\t\t\t\t\t<\/div>\n\t\t\t\t<\/div>\n\t\t\t\t<\/div>\n\t\t<div class=\"elementor-element elementor-element-1b60ece e-con-full e-flex e-con e-parent\" data-id=\"1b60ece\" data-element_type=\"container\" data-e-type=\"container\">\n\t\t<div class=\"elementor-element elementor-element-9973ddb e-con-full e-flex e-con e-child\" data-id=\"9973ddb\" data-element_type=\"container\" data-e-type=\"container\">\n\t\t\t\t<div class=\"elementor-element elementor-element-1b9f0e9 elementor-invisible elementor-widget elementor-widget-heading\" data-id=\"1b9f0e9\" data-element_type=\"widget\" data-e-type=\"widget\" data-settings=\"{&quot;_animation&quot;:&quot;fadeInDown&quot;}\" data-widget_type=\"heading.default\">\n\t\t\t\t\t<h2 class=\"elementor-heading-title elementor-size-default\">ABOUT US<\/h2>\t\t\t\t<\/div>\n\t\t\t\t<div class=\"elementor-element elementor-element-5d17204 animated-slow elementor-invisible elementor-widget elementor-widget-text-editor\" data-id=\"5d17204\" data-element_type=\"widget\" data-e-type=\"widget\" data-settings=\"{&quot;_animation&quot;:&quot;fadeIn&quot;}\" data-widget_type=\"text-editor.default\">\n\t\t\t\t\t\t\t\t\t<p><span style=\"font-weight: 400;\">Ollantay Rojas y Milagros Rolandelli desarrollan su pr\u00e1ctica art\u00edstica en la escena contempor\u00e1nea de Argentina, partiendo de la danza, la m\u00fasica en vivo y el tango como materiales para la construcci\u00f3n po\u00e9tica. <\/span><\/p>\t\t\t\t\t\t\t\t<\/div>\n\t\t\t\t<div class=\"elementor-element elementor-element-e2c4d3a elementor-widget elementor-widget-button\" data-id=\"e2c4d3a\" data-element_type=\"widget\" data-e-type=\"widget\" data-widget_type=\"button.default\">\n\t\t\t\t\t\t\t\t\t\t<a class=\"elementor-button elementor-button-link elementor-size-sm\" href=\"\/en\/sobre-nosotros\/\">\n\t\t\t\t\t\t<span class=\"elementor-button-content-wrapper\">\n\t\t\t\t\t\t\t\t\t<span class=\"elementor-button-text\">READ MORE<\/span>\n\t\t\t\t\t<\/span>\n\t\t\t\t\t<\/a>\n\t\t\t\t\t\t\t\t<\/div>\n\t\t\t\t<\/div>\n\t\t<div class=\"elementor-element elementor-element-5ae349b e-con-full e-flex e-con e-child\" data-id=\"5ae349b\" data-element_type=\"container\" data-e-type=\"container\">\n\t\t\t\t<div class=\"elementor-element elementor-element-3e2d535 elementor-widget elementor-widget-menu-anchor\" data-id=\"3e2d535\" data-element_type=\"widget\" data-e-type=\"widget\" data-widget_type=\"menu-anchor.default\">\n\t\t\t\t\t\t\t<div class=\"elementor-menu-anchor\" id=\"nosotros\"><\/div>\n\t\t\t\t\t\t<\/div>\n\t\t\t\t<div class=\"elementor-element elementor-element-8bb4e6e animated-slow elementor-invisible elementor-widget elementor-widget-image\" data-id=\"8bb4e6e\" data-element_type=\"widget\" data-e-type=\"widget\" data-settings=\"{&quot;_animation&quot;:&quot;fadeIn&quot;}\" data-widget_type=\"image.default\">\n\t\t\t\t\t\t\t\t\t\t\t\t\t\t\t<img loading=\"lazy\" decoding=\"async\" width=\"800\" height=\"800\" src=\"https:\/\/noestango.com.ar\/wp-content\/uploads\/2026\/03\/nosotrosss.jpg\" class=\"attachment-full size-full wp-image-708\" alt=\"\" srcset=\"https:\/\/noestango.com.ar\/wp-content\/uploads\/2026\/03\/nosotrosss.jpg 800w, https:\/\/noestango.com.ar\/wp-content\/uploads\/2026\/03\/nosotrosss-300x300.jpg 300w, https:\/\/noestango.com.ar\/wp-content\/uploads\/2026\/03\/nosotrosss-150x150.jpg 150w, https:\/\/noestango.com.ar\/wp-content\/uploads\/2026\/03\/nosotrosss-768x768.jpg 768w, https:\/\/noestango.com.ar\/wp-content\/uploads\/2026\/03\/nosotrosss-12x12.jpg 12w\" sizes=\"(max-width: 800px) 100vw, 800px\" \/>\t\t\t\t\t\t\t\t\t\t\t\t\t\t\t<\/div>\n\t\t\t\t<\/div>\n\t\t\t\t<\/div>\n\t\t\t\t<\/div>","protected":false},"excerpt":{"rendered":"<p>NOESTANGO La obra NOESTANGO es fruto de la colaboraci\u00f3n y cruce con distintos artistas locales del teatro, la danza y la m\u00fasica. Plantea una pregunta por el tango como expresi\u00f3n art\u00edstica, teniendo en cuenta su pasado glorioso y su presente tan marcado por una industria cultural que se esfuerza por mantenerlo intacto y con pocas [&hellip;]<\/p>\n","protected":false},"author":2,"featured_media":0,"parent":0,"menu_order":0,"comment_status":"closed","ping_status":"closed","template":"","meta":{"footnotes":""},"class_list":["post-392","page","type-page","status-publish","hentry"],"_hostinger_reach_plugin_has_subscription_block":false,"_hostinger_reach_plugin_is_elementor":false,"_links":{"self":[{"href":"https:\/\/noestango.com.ar\/en\/wp-json\/wp\/v2\/pages\/392","targetHints":{"allow":["GET"]}}],"collection":[{"href":"https:\/\/noestango.com.ar\/en\/wp-json\/wp\/v2\/pages"}],"about":[{"href":"https:\/\/noestango.com.ar\/en\/wp-json\/wp\/v2\/types\/page"}],"author":[{"embeddable":true,"href":"https:\/\/noestango.com.ar\/en\/wp-json\/wp\/v2\/users\/2"}],"replies":[{"embeddable":true,"href":"https:\/\/noestango.com.ar\/en\/wp-json\/wp\/v2\/comments?post=392"}],"version-history":[{"count":68,"href":"https:\/\/noestango.com.ar\/en\/wp-json\/wp\/v2\/pages\/392\/revisions"}],"predecessor-version":[{"id":780,"href":"https:\/\/noestango.com.ar\/en\/wp-json\/wp\/v2\/pages\/392\/revisions\/780"}],"wp:attachment":[{"href":"https:\/\/noestango.com.ar\/en\/wp-json\/wp\/v2\/media?parent=392"}],"curies":[{"name":"wp","href":"https:\/\/api.w.org\/{rel}","templated":true}]}}