{"id":416,"date":"2025-12-10T12:09:39","date_gmt":"2025-12-10T15:09:39","guid":{"rendered":"https:\/\/noestango.com.ar\/?page_id=416"},"modified":"2026-03-20T16:00:50","modified_gmt":"2026-03-20T19:00:50","slug":"sobre-nosotros","status":"publish","type":"page","link":"https:\/\/noestango.com.ar\/en\/sobre-nosotros\/","title":{"rendered":"Sobre Nosotros"},"content":{"rendered":"<div data-elementor-type=\"wp-page\" data-elementor-id=\"416\" class=\"elementor elementor-416\" data-elementor-post-type=\"page\">\n\t\t\t\t<div class=\"elementor-element elementor-element-61e1857 e-con-full e-flex e-con e-parent\" data-id=\"61e1857\" data-element_type=\"container\" data-e-type=\"container\">\n\t\t\t\t<div class=\"elementor-element elementor-element-7d9be18 elementor-widget elementor-widget-image\" data-id=\"7d9be18\" data-element_type=\"widget\" data-e-type=\"widget\" data-widget_type=\"image.default\">\n\t\t\t\t\t\t\t\t\t\t\t\t\t\t\t<img fetchpriority=\"high\" decoding=\"async\" width=\"1920\" height=\"550\" src=\"https:\/\/noestango.com.ar\/wp-content\/uploads\/2026\/03\/sobre-nosotros.jpg\" class=\"attachment-full size-full wp-image-770\" alt=\"\" srcset=\"https:\/\/noestango.com.ar\/wp-content\/uploads\/2026\/03\/sobre-nosotros.jpg 1920w, https:\/\/noestango.com.ar\/wp-content\/uploads\/2026\/03\/sobre-nosotros-300x86.jpg 300w, https:\/\/noestango.com.ar\/wp-content\/uploads\/2026\/03\/sobre-nosotros-1024x293.jpg 1024w, https:\/\/noestango.com.ar\/wp-content\/uploads\/2026\/03\/sobre-nosotros-768x220.jpg 768w, https:\/\/noestango.com.ar\/wp-content\/uploads\/2026\/03\/sobre-nosotros-1536x440.jpg 1536w, https:\/\/noestango.com.ar\/wp-content\/uploads\/2026\/03\/sobre-nosotros-18x5.jpg 18w\" sizes=\"(max-width: 1920px) 100vw, 1920px\" \/>\t\t\t\t\t\t\t\t\t\t\t\t\t\t\t<\/div>\n\t\t\t\t<\/div>\n\t\t<div class=\"elementor-element elementor-element-1b60ece e-flex e-con-boxed e-con e-parent\" data-id=\"1b60ece\" data-element_type=\"container\" data-e-type=\"container\">\n\t\t\t\t\t<div class=\"e-con-inner\">\n\t\t<div class=\"elementor-element elementor-element-9973ddb e-con-full e-flex e-con e-child\" data-id=\"9973ddb\" data-element_type=\"container\" data-e-type=\"container\">\n\t\t\t\t<div class=\"elementor-element elementor-element-1b9f0e9 elementor-invisible elementor-widget elementor-widget-heading\" data-id=\"1b9f0e9\" data-element_type=\"widget\" data-e-type=\"widget\" data-settings=\"{&quot;_animation&quot;:&quot;fadeInDown&quot;}\" data-widget_type=\"heading.default\">\n\t\t\t\t\t<h2 class=\"elementor-heading-title elementor-size-default\">ABOUT US<\/h2>\t\t\t\t<\/div>\n\t\t\t\t<div class=\"elementor-element elementor-element-5d17204 animated-slow elementor-invisible elementor-widget elementor-widget-text-editor\" data-id=\"5d17204\" data-element_type=\"widget\" data-e-type=\"widget\" data-settings=\"{&quot;_animation&quot;:&quot;fadeIn&quot;}\" data-widget_type=\"text-editor.default\">\n\t\t\t\t\t\t\t\t\t<p><span style=\"font-weight: 400;\">Ollantay Rojas and Milagros Rolandelli carried out a long research process, which led to the creation of the work NOESTANGO <\/span><i><span style=\"font-weight: 400;\">NOESTANGO<\/span><\/i><span style=\"font-weight: 400;\"> (2022). They also carried out the works <\/span><i><span style=\"font-weight: 400;\">Aleatorio and Repetir (2018),<\/span><\/i><span style=\"font-weight: 400;\"> (2018), <\/span><i><span style=\"font-weight: 400;\">El tango es...<\/span><\/i><span style=\"font-weight: 400;\"> (2024, for the UNSAM Contemporary Dance Company) and conducted choreographic workshops at institutions such as the Borges Cultural Center and the Contemporary Dance Workshop of the San Mart\u00edn Theater. They are currently in the process of creating their next work, to premiere in 2026.<\/span><\/p>\t\t\t\t\t\t\t\t<\/div>\n\t\t\t\t<\/div>\n\t\t\t\t\t<\/div>\n\t\t\t\t<\/div>\n\t\t<div class=\"elementor-element elementor-element-a6603b2 e-flex e-con-boxed e-con e-parent\" data-id=\"a6603b2\" data-element_type=\"container\" data-e-type=\"container\">\n\t\t\t\t\t<div class=\"e-con-inner\">\n\t\t<div class=\"elementor-element elementor-element-fa6c8ba e-con-full e-flex e-con e-child\" data-id=\"fa6c8ba\" data-element_type=\"container\" data-e-type=\"container\">\n\t\t\t\t<div class=\"elementor-element elementor-element-eeed910 elementor-widget__width-inherit elementor-widget elementor-widget-image\" data-id=\"eeed910\" data-element_type=\"widget\" data-e-type=\"widget\" data-widget_type=\"image.default\">\n\t\t\t\t\t\t\t\t\t\t\t\t\t\t\t<img decoding=\"async\" width=\"750\" height=\"500\" src=\"https:\/\/noestango.com.ar\/wp-content\/uploads\/2025\/12\/ollantay-1.jpg\" class=\"attachment-full size-full wp-image-438\" alt=\"\" srcset=\"https:\/\/noestango.com.ar\/wp-content\/uploads\/2025\/12\/ollantay-1.jpg 750w, https:\/\/noestango.com.ar\/wp-content\/uploads\/2025\/12\/ollantay-1-300x200.jpg 300w, https:\/\/noestango.com.ar\/wp-content\/uploads\/2025\/12\/ollantay-1-18x12.jpg 18w\" sizes=\"(max-width: 750px) 100vw, 750px\" \/>\t\t\t\t\t\t\t\t\t\t\t\t\t\t\t<\/div>\n\t\t\t\t<div class=\"elementor-element elementor-element-72ac914 elementor-invisible elementor-widget elementor-widget-heading\" data-id=\"72ac914\" data-element_type=\"widget\" data-e-type=\"widget\" data-settings=\"{&quot;_animation&quot;:&quot;fadeInDown&quot;}\" data-widget_type=\"heading.default\">\n\t\t\t\t\t<h2 class=\"elementor-heading-title elementor-size-default\">OLLANTAY ROJAS<\/h2>\t\t\t\t<\/div>\n\t\t\t\t<div class=\"elementor-element elementor-element-ee504f3 elementor-invisible elementor-widget elementor-widget-heading\" data-id=\"ee504f3\" data-element_type=\"widget\" data-e-type=\"widget\" data-settings=\"{&quot;_animation&quot;:&quot;fadeInDown&quot;}\" data-widget_type=\"heading.default\">\n\t\t\t\t\t<h2 class=\"elementor-heading-title elementor-size-default\">Director | Choreographer<\/h2>\t\t\t\t<\/div>\n\t\t\t\t<div class=\"elementor-element elementor-element-94581ed elementor-widget elementor-widget-text-editor\" data-id=\"94581ed\" data-element_type=\"widget\" data-e-type=\"widget\" data-widget_type=\"text-editor.default\">\n\t\t\t\t\t\t\t\t\t<p><span style=\"font-weight: 400;\">Dancer, choreographer, and director. He was a fellow of the Impulstanz Festival in Vienna and the Williams Foundation. He participated in several editions of the Buenos Aires Tango Festival, the Buenos Aires Contemporary Dance Festival, and FIBA. He taught seminars at the Higher Institute of Art of the Teatro Col\u00f3n. He is a founding member of Plataforma de Tango Esc\u00e9nico Actual (Platform for Contemporary Stage Tango). He was the choreographic coordinator of the National Space for Argentine Tango and an advisor to the General Directorate of Cultural and Creative Development of the Ministry of Culture of the City of Buenos Aires.<\/span><\/p>\t\t\t\t\t\t\t\t<\/div>\n\t\t\t\t<\/div>\n\t\t<div class=\"elementor-element elementor-element-676a06c e-con-full e-flex e-con e-child\" data-id=\"676a06c\" data-element_type=\"container\" data-e-type=\"container\">\n\t\t\t\t<div class=\"elementor-element elementor-element-5ca727d elementor-widget__width-inherit elementor-widget elementor-widget-image\" data-id=\"5ca727d\" data-element_type=\"widget\" data-e-type=\"widget\" data-widget_type=\"image.default\">\n\t\t\t\t\t\t\t\t\t\t\t\t\t\t\t<img decoding=\"async\" width=\"750\" height=\"500\" src=\"https:\/\/noestango.com.ar\/wp-content\/uploads\/2025\/12\/milagros-1.jpg\" class=\"attachment-full size-full wp-image-437\" alt=\"\" srcset=\"https:\/\/noestango.com.ar\/wp-content\/uploads\/2025\/12\/milagros-1.jpg 750w, https:\/\/noestango.com.ar\/wp-content\/uploads\/2025\/12\/milagros-1-300x200.jpg 300w, https:\/\/noestango.com.ar\/wp-content\/uploads\/2025\/12\/milagros-1-18x12.jpg 18w\" sizes=\"(max-width: 750px) 100vw, 750px\" \/>\t\t\t\t\t\t\t\t\t\t\t\t\t\t\t<\/div>\n\t\t\t\t<div class=\"elementor-element elementor-element-a460e13 elementor-invisible elementor-widget elementor-widget-heading\" data-id=\"a460e13\" data-element_type=\"widget\" data-e-type=\"widget\" data-settings=\"{&quot;_animation&quot;:&quot;fadeInDown&quot;}\" data-widget_type=\"heading.default\">\n\t\t\t\t\t<h2 class=\"elementor-heading-title elementor-size-default\">MILAGROS ROLANDELLI<\/h2>\t\t\t\t<\/div>\n\t\t\t\t<div class=\"elementor-element elementor-element-014dd7f elementor-invisible elementor-widget elementor-widget-heading\" data-id=\"014dd7f\" data-element_type=\"widget\" data-e-type=\"widget\" data-settings=\"{&quot;_animation&quot;:&quot;fadeInDown&quot;}\" data-widget_type=\"heading.default\">\n\t\t\t\t\t<h2 class=\"elementor-heading-title elementor-size-default\">Choreographer | Performer<\/h2>\t\t\t\t<\/div>\n\t\t\t\t<div class=\"elementor-element elementor-element-e4ce788 elementor-widget elementor-widget-text-editor\" data-id=\"e4ce788\" data-element_type=\"widget\" data-e-type=\"widget\" data-widget_type=\"text-editor.default\">\n\t\t\t\t\t\t\t\t\t<p><span style=\"font-weight: 400;\">She holds a degree in Choreographic Composition with a specialization in Dance Theater from the National University of the Arts. She is also a dancer, teacher, and choreographer of tango and contemporary dance. She has participated in numerous tango shows and festivals both in Argentina and abroad. As a choreographic assistant, she worked on the production <\/span><i><span style=\"font-weight: 400;\">El Carbonero<\/span><\/i><span style=\"font-weight: 400;\"> by Leonardo Cuello for the Contemporary Ballet of the San Mart\u00edn Theatre, <\/span><i><span style=\"font-weight: 400;\">Itinerario Piazzolla<\/span><\/i><span style=\"font-weight: 400;\"> and <\/span><i><span style=\"font-weight: 400;\">Carmen<\/span><\/i><span style=\"font-weight: 400;\"><em>n<\/em> by Alejandro Cervera for the Teatro Col\u00f3n's resident ballet company. She was a tutor for the Teatro Col\u00f3n's 2022 Choreographic Workshops. She received grants from Mecenago Cultural, Fondo Nacional de las Artes, and Impulsar Mica. She received the EVC CIN 2024 grant.<\/span><\/p>\t\t\t\t\t\t\t\t<\/div>\n\t\t\t\t<\/div>\n\t\t\t\t\t<\/div>\n\t\t\t\t<\/div>\n\t\t<div class=\"elementor-element elementor-element-43448e9 e-flex e-con-boxed e-con e-parent\" data-id=\"43448e9\" data-element_type=\"container\" data-e-type=\"container\">\n\t\t\t\t\t<div class=\"e-con-inner\">\n\t\t<div class=\"elementor-element elementor-element-ed136e9 e-con-full e-flex e-con e-child\" data-id=\"ed136e9\" data-element_type=\"container\" data-e-type=\"container\">\n\t\t\t\t<div class=\"elementor-element elementor-element-23f2ef1 elementor-widget__width-inherit elementor-widget elementor-widget-image\" data-id=\"23f2ef1\" data-element_type=\"widget\" data-e-type=\"widget\" data-widget_type=\"image.default\">\n\t\t\t\t\t\t\t\t\t\t\t\t\t\t\t<img loading=\"lazy\" decoding=\"async\" width=\"750\" height=\"500\" src=\"https:\/\/noestango.com.ar\/wp-content\/uploads\/2025\/12\/elenaok.jpg\" class=\"attachment-full size-full wp-image-436\" alt=\"\" srcset=\"https:\/\/noestango.com.ar\/wp-content\/uploads\/2025\/12\/elenaok.jpg 750w, https:\/\/noestango.com.ar\/wp-content\/uploads\/2025\/12\/elenaok-300x200.jpg 300w, https:\/\/noestango.com.ar\/wp-content\/uploads\/2025\/12\/elenaok-18x12.jpg 18w\" sizes=\"(max-width: 750px) 100vw, 750px\" \/>\t\t\t\t\t\t\t\t\t\t\t\t\t\t\t<\/div>\n\t\t\t\t<div class=\"elementor-element elementor-element-495ce30 elementor-invisible elementor-widget elementor-widget-heading\" data-id=\"495ce30\" data-element_type=\"widget\" data-e-type=\"widget\" data-settings=\"{&quot;_animation&quot;:&quot;fadeInDown&quot;}\" data-widget_type=\"heading.default\">\n\t\t\t\t\t<h2 class=\"elementor-heading-title elementor-size-default\">ELIANA STAIFF<\/h2>\t\t\t\t<\/div>\n\t\t\t\t<div class=\"elementor-element elementor-element-261f2c9 elementor-invisible elementor-widget elementor-widget-heading\" data-id=\"261f2c9\" data-element_type=\"widget\" data-e-type=\"widget\" data-settings=\"{&quot;_animation&quot;:&quot;fadeInDown&quot;}\" data-widget_type=\"heading.default\">\n\t\t\t\t\t<h2 class=\"elementor-heading-title elementor-size-default\">Management | Distribution<\/h2>\t\t\t\t<\/div>\n\t\t\t\t<div class=\"elementor-element elementor-element-6f68820 elementor-widget elementor-widget-text-editor\" data-id=\"6f68820\" data-element_type=\"widget\" data-e-type=\"widget\" data-widget_type=\"text-editor.default\">\n\t\t\t\t\t\t\t\t\t<p><span style=\"font-weight: 400;\">He manages and distributes various dance proposals on a freelance basis, including the shows NOESTANGO and YO BAILO.\u00a0<br \/><\/span><span style=\"font-weight: 400;\">Simultaneously, she works at the Buenos Aires Theatre Complex as production coordinator for the Contemporary Ballet of the San Mart\u00edn Theatre and other national and international dance shows and projects.\u00a0<br \/><\/span><span style=\"font-weight: 400;\">In 2018 she was selected by the French Ministry of Culture to participate in the S\u00e9jours Culture program, specializing in Public Policies for Dance.\u00a0<br \/><\/span><span style=\"font-weight: 400;\">She is a member of APPEAE (Professional Association of Executive Producers of the Performing Arts) and a Global Fellow of ISPA 2024 and 2025 (International Society for the Performing Arts, USA).<\/span><\/p>\t\t\t\t\t\t\t\t<\/div>\n\t\t\t\t<\/div>\n\t\t<div class=\"elementor-element elementor-element-ab8d7bc e-con-full e-flex e-con e-child\" data-id=\"ab8d7bc\" data-element_type=\"container\" data-e-type=\"container\">\n\t\t\t\t<div class=\"elementor-element elementor-element-e6b9584 elementor-widget__width-inherit elementor-widget elementor-widget-image\" data-id=\"e6b9584\" data-element_type=\"widget\" data-e-type=\"widget\" data-widget_type=\"image.default\">\n\t\t\t\t\t\t\t\t\t\t\t\t\t\t\t<img loading=\"lazy\" decoding=\"async\" width=\"750\" height=\"500\" src=\"https:\/\/noestango.com.ar\/wp-content\/uploads\/2025\/12\/agnesse.jpg\" class=\"attachment-full size-full wp-image-449\" alt=\"\" srcset=\"https:\/\/noestango.com.ar\/wp-content\/uploads\/2025\/12\/agnesse.jpg 750w, https:\/\/noestango.com.ar\/wp-content\/uploads\/2025\/12\/agnesse-300x200.jpg 300w, https:\/\/noestango.com.ar\/wp-content\/uploads\/2025\/12\/agnesse-18x12.jpg 18w\" sizes=\"(max-width: 750px) 100vw, 750px\" \/>\t\t\t\t\t\t\t\t\t\t\t\t\t\t\t<\/div>\n\t\t\t\t<div class=\"elementor-element elementor-element-3488817 elementor-invisible elementor-widget elementor-widget-heading\" data-id=\"3488817\" data-element_type=\"widget\" data-e-type=\"widget\" data-settings=\"{&quot;_animation&quot;:&quot;fadeInDown&quot;}\" data-widget_type=\"heading.default\">\n\t\t\t\t\t<h2 class=\"elementor-heading-title elementor-size-default\">AGNESE LOZUPONE<\/h2>\t\t\t\t<\/div>\n\t\t\t\t<div class=\"elementor-element elementor-element-ebd767d elementor-invisible elementor-widget elementor-widget-heading\" data-id=\"ebd767d\" data-element_type=\"widget\" data-e-type=\"widget\" data-settings=\"{&quot;_animation&quot;:&quot;fadeInDown&quot;}\" data-widget_type=\"heading.default\">\n\t\t\t\t\t<h2 class=\"elementor-heading-title elementor-size-default\">Lighting Design<\/h2>\t\t\t\t<\/div>\n\t\t\t\t<div class=\"elementor-element elementor-element-ad556ae elementor-widget elementor-widget-text-editor\" data-id=\"ad556ae\" data-element_type=\"widget\" data-e-type=\"widget\" data-widget_type=\"text-editor.default\">\n\t\t\t\t\t\t\t\t\t<p><span style=\"font-weight: 400;\">Lighting designer, set designer, and architect. Graduate of the Metropolitan School of <\/span><span style=\"font-weight: 400;\">Dramatic Arts and the Faculty of Architecture, Design and Urbanism of the U.B.A. <br \/><\/span><span style=\"font-weight: 400;\">He works on spatial and light art projects with Emilio Garc\u00eda Wehbi, <\/span><span style=\"font-weight: 400;\">Maricel \u00c1lvarez, Gabo Ferro, Gustavo Tarr\u00edo, Lisandro Fiks, Fernando Mart\u00edn Pe\u00f1a, <\/span><span style=\"font-weight: 400;\">Eugenia Perez Tomas and Camila Fabbri, among others, in works such as \u201cThyestes and Atreus\u201d, <\/span><span style=\"font-weight: 400;\">\u201cOrlando\u201d, \u201c65 sue\u00f1os sobre Kafka\u201d, \u201cEl limonero real\u201d, \u201cTodo Piola\u201d, \u201cRecital <\/span><span style=\"font-weight: 400;\">Olympico!\u201d and \u201cUn enemigo del Pueblo\u201d, in the presentations of the albums \u201cEl <\/span><span style=\"font-weight: 400;\">Lapsus del Jinete Ciego\u201d and \u201cSu reflejo es el lobo del hombre\u201d and in the design of <\/span><span style=\"font-weight: 400;\">Installation of the \u201c29\/60\u201d exhibit at the 29th Mar del Plata Film Festival.<br \/><\/span><span style=\"font-weight: 400;\">He works as a teacher of lighting and stage architecture at E.M.A.D. <\/span><span style=\"font-weight: 400;\">since 2011, and at the U.B.A., FADU, between 2001 and 2013.<\/span><\/p>\t\t\t\t\t\t\t\t<\/div>\n\t\t\t\t<\/div>\n\t\t\t\t\t<\/div>\n\t\t\t\t<\/div>\n\t\t\t\t<\/div>","protected":false},"excerpt":{"rendered":"<p>SOBRE NOSOTROS Ollantay Rojas y Milagros Rolandelli, llevaron adelante un largo proceso de investigaci\u00f3n, con el que dieron paso a la creaci\u00f3n de la obra NOESTANGO (2022). Adem\u00e1s realizaron las obras Aleatorio y Repetir (2018), El tango es\u2026 (2024, para la Compa\u00f1\u00eda de Danza Contempor\u00e1nea de la UNSAM) y realizaron laboratorios coreogr\u00e1ficos en instituciones como [&hellip;]<\/p>\n","protected":false},"author":2,"featured_media":0,"parent":0,"menu_order":0,"comment_status":"closed","ping_status":"closed","template":"","meta":{"footnotes":""},"class_list":["post-416","page","type-page","status-publish","hentry"],"_hostinger_reach_plugin_has_subscription_block":false,"_hostinger_reach_plugin_is_elementor":false,"_links":{"self":[{"href":"https:\/\/noestango.com.ar\/en\/wp-json\/wp\/v2\/pages\/416","targetHints":{"allow":["GET"]}}],"collection":[{"href":"https:\/\/noestango.com.ar\/en\/wp-json\/wp\/v2\/pages"}],"about":[{"href":"https:\/\/noestango.com.ar\/en\/wp-json\/wp\/v2\/types\/page"}],"author":[{"embeddable":true,"href":"https:\/\/noestango.com.ar\/en\/wp-json\/wp\/v2\/users\/2"}],"replies":[{"embeddable":true,"href":"https:\/\/noestango.com.ar\/en\/wp-json\/wp\/v2\/comments?post=416"}],"version-history":[{"count":37,"href":"https:\/\/noestango.com.ar\/en\/wp-json\/wp\/v2\/pages\/416\/revisions"}],"predecessor-version":[{"id":773,"href":"https:\/\/noestango.com.ar\/en\/wp-json\/wp\/v2\/pages\/416\/revisions\/773"}],"wp:attachment":[{"href":"https:\/\/noestango.com.ar\/en\/wp-json\/wp\/v2\/media?parent=416"}],"curies":[{"name":"wp","href":"https:\/\/api.w.org\/{rel}","templated":true}]}}