{"id":500,"date":"2025-12-12T16:00:02","date_gmt":"2025-12-12T19:00:02","guid":{"rendered":"https:\/\/noestango.com.ar\/?page_id=500"},"modified":"2026-03-16T10:16:26","modified_gmt":"2026-03-16T13:16:26","slug":"workshops","status":"publish","type":"page","link":"https:\/\/noestango.com.ar\/en\/workshops\/","title":{"rendered":"Workshops"},"content":{"rendered":"<div data-elementor-type=\"wp-page\" data-elementor-id=\"500\" class=\"elementor elementor-500\" data-elementor-post-type=\"page\">\n\t\t\t\t<div class=\"elementor-element elementor-element-61e1857 e-con-full e-flex e-con e-parent\" data-id=\"61e1857\" data-element_type=\"container\" data-e-type=\"container\">\n\t\t\t\t<div class=\"elementor-element elementor-element-7d9be18 elementor-widget elementor-widget-image\" data-id=\"7d9be18\" data-element_type=\"widget\" data-e-type=\"widget\" data-widget_type=\"image.default\">\n\t\t\t\t\t\t\t\t\t\t\t\t\t\t\t<img fetchpriority=\"high\" decoding=\"async\" width=\"1920\" height=\"550\" src=\"https:\/\/noestango.com.ar\/wp-content\/uploads\/2026\/03\/workshops_ppal.jpg\" class=\"attachment-full size-full wp-image-607\" alt=\"\" srcset=\"https:\/\/noestango.com.ar\/wp-content\/uploads\/2026\/03\/workshops_ppal.jpg 1920w, https:\/\/noestango.com.ar\/wp-content\/uploads\/2026\/03\/workshops_ppal-300x86.jpg 300w, https:\/\/noestango.com.ar\/wp-content\/uploads\/2026\/03\/workshops_ppal-1024x293.jpg 1024w, https:\/\/noestango.com.ar\/wp-content\/uploads\/2026\/03\/workshops_ppal-768x220.jpg 768w, https:\/\/noestango.com.ar\/wp-content\/uploads\/2026\/03\/workshops_ppal-1536x440.jpg 1536w, https:\/\/noestango.com.ar\/wp-content\/uploads\/2026\/03\/workshops_ppal-18x5.jpg 18w\" sizes=\"(max-width: 1920px) 100vw, 1920px\" \/>\t\t\t\t\t\t\t\t\t\t\t\t\t\t\t<\/div>\n\t\t\t\t<\/div>\n\t\t<div class=\"elementor-element elementor-element-1b60ece e-flex e-con-boxed e-con e-parent\" data-id=\"1b60ece\" data-element_type=\"container\" data-e-type=\"container\">\n\t\t\t\t\t<div class=\"e-con-inner\">\n\t\t<div class=\"elementor-element elementor-element-9973ddb e-con-full e-flex e-con e-child\" data-id=\"9973ddb\" data-element_type=\"container\" data-e-type=\"container\">\n\t\t\t\t<div class=\"elementor-element elementor-element-1b9f0e9 elementor-invisible elementor-widget elementor-widget-heading\" data-id=\"1b9f0e9\" data-element_type=\"widget\" data-e-type=\"widget\" data-settings=\"{&quot;_animation&quot;:&quot;fadeInDown&quot;}\" data-widget_type=\"heading.default\">\n\t\t\t\t\t<h2 class=\"elementor-heading-title elementor-size-default\"><a href=\"http:\/\/work%20in%20progress\">WORKSHOPS<\/a><\/h2>\t\t\t\t<\/div>\n\t\t\t\t<\/div>\n\t\t\t\t\t<\/div>\n\t\t\t\t<\/div>\n\t\t<div class=\"elementor-element elementor-element-aade7fb e-flex e-con-boxed e-con e-parent\" data-id=\"aade7fb\" data-element_type=\"container\" data-e-type=\"container\">\n\t\t\t\t\t<div class=\"e-con-inner\">\n\t\t<div class=\"elementor-element elementor-element-3d509ce e-con-full e-flex e-con e-child\" data-id=\"3d509ce\" data-element_type=\"container\" data-e-type=\"container\">\n\t\t\t\t<div class=\"elementor-element elementor-element-b5f2678 elementor-invisible elementor-widget elementor-widget-heading\" data-id=\"b5f2678\" data-element_type=\"widget\" data-e-type=\"widget\" data-settings=\"{&quot;_animation&quot;:&quot;fadeInDown&quot;}\" data-widget_type=\"heading.default\">\n\t\t\t\t\t<h2 class=\"elementor-heading-title elementor-size-default\">NOESTANGO Practice<\/h2>\t\t\t\t<\/div>\n\t\t\t\t<div class=\"elementor-element elementor-element-b2f2196 elementor-widget elementor-widget-text-editor\" data-id=\"b2f2196\" data-element_type=\"widget\" data-e-type=\"widget\" data-widget_type=\"text-editor.default\">\n\t\t\t\t\t\t\t\t\t<p>Intensive workshops on the movement language developed by the company, aimed at contemporary dancers or professional tango dancers.<\/p>\t\t\t\t\t\t\t\t<\/div>\n\t\t\t\t<div class=\"elementor-element elementor-element-5be9671 elementor-widget elementor-widget-button\" data-id=\"5be9671\" data-element_type=\"widget\" data-e-type=\"widget\" data-widget_type=\"button.default\">\n\t\t\t\t\t\t\t\t\t\t<a class=\"elementor-button elementor-button-link elementor-size-sm\" href=\"https:\/\/noestango.com.ar\/wp-content\/uploads\/2025\/12\/Taller-intensivo-noestango-bailarines.pdf\" target=\"_blank\">\n\t\t\t\t\t\t<span class=\"elementor-button-content-wrapper\">\n\t\t\t\t\t\t\t\t\t<span class=\"elementor-button-text\">Download dossier (ESP)<\/span>\n\t\t\t\t\t<\/span>\n\t\t\t\t\t<\/a>\n\t\t\t\t\t\t\t\t<\/div>\n\t\t\t\t<div class=\"elementor-element elementor-element-b2c3353 elementor-widget elementor-widget-button\" data-id=\"b2c3353\" data-element_type=\"widget\" data-e-type=\"widget\" data-widget_type=\"button.default\">\n\t\t\t\t\t\t\t\t\t\t<a class=\"elementor-button elementor-button-link elementor-size-sm\" href=\"https:\/\/noestango.com.ar\/wp-content\/uploads\/2026\/03\/Workshop-NET-EN.pdf\" target=\"_blank\">\n\t\t\t\t\t\t<span class=\"elementor-button-content-wrapper\">\n\t\t\t\t\t\t\t\t\t<span class=\"elementor-button-text\">Download dossier (EN)<\/span>\n\t\t\t\t\t<\/span>\n\t\t\t\t\t<\/a>\n\t\t\t\t\t\t\t\t<\/div>\n\t\t\t\t<\/div>\n\t\t<div class=\"elementor-element elementor-element-8747e62 e-con-full e-flex e-con e-child\" data-id=\"8747e62\" data-element_type=\"container\" data-e-type=\"container\">\n\t\t\t\t<div class=\"elementor-element elementor-element-4826bf7 elementor-widget elementor-widget-video\" data-id=\"4826bf7\" data-element_type=\"widget\" data-e-type=\"widget\" data-settings=\"{&quot;youtube_url&quot;:&quot;https:\\\/\\\/www.youtube.com\\\/watch?v=-75lud7TB7s&quot;,&quot;show_image_overlay&quot;:&quot;yes&quot;,&quot;image_overlay&quot;:{&quot;url&quot;:&quot;https:\\\/\\\/noestango.com.ar\\\/wp-content\\\/uploads\\\/2026\\\/03\\\/portada-video-practica-1.jpg&quot;,&quot;id&quot;:614,&quot;size&quot;:&quot;&quot;,&quot;alt&quot;:&quot;&quot;,&quot;source&quot;:&quot;library&quot;},&quot;video_type&quot;:&quot;youtube&quot;,&quot;controls&quot;:&quot;yes&quot;}\" data-widget_type=\"video.default\">\n\t\t\t\t\t\t\t<div class=\"elementor-wrapper elementor-open-inline\">\n\t\t\t<div class=\"elementor-video\"><\/div>\t\t\t\t<div class=\"elementor-custom-embed-image-overlay\" style=\"background-image: url(https:\/\/noestango.com.ar\/wp-content\/uploads\/2026\/03\/portada-video-practica-1.jpg);\">\n\t\t\t\t\t\t\t\t\t\t\t\t\t\t\t\t<div class=\"elementor-custom-embed-play\" role=\"button\" aria-label=\"Play Video\" tabindex=\"0\">\n\t\t\t\t\t\t\t<svg aria-hidden=\"true\" class=\"e-font-icon-svg e-eicon-play\" viewbox=\"0 0 1000 1000\" xmlns=\"http:\/\/www.w3.org\/2000\/svg\"><path d=\"M838 162C746 71 633 25 500 25 371 25 258 71 163 162 71 254 25 367 25 500 25 633 71 746 163 837 254 929 367 979 500 979 633 979 746 933 838 837 929 746 975 633 975 500 975 367 929 254 838 162M808 192C892 279 933 379 933 500 933 621 892 725 808 808 725 892 621 938 500 938 379 938 279 896 196 808 113 725 67 621 67 500 67 379 108 279 196 192 279 108 383 62 500 62 621 62 721 108 808 192M438 392V642L642 517 438 392Z\"><\/path><\/svg>\t\t\t\t\t\t<\/div>\n\t\t\t\t\t\t\t\t\t<\/div>\n\t\t\t\t\t<\/div>\n\t\t\t\t\t\t<\/div>\n\t\t\t\t<\/div>\n\t\t\t\t\t<\/div>\n\t\t\t\t<\/div>\n\t\t<div class=\"elementor-element elementor-element-12c65fd e-flex e-con-boxed e-con e-parent\" data-id=\"12c65fd\" data-element_type=\"container\" data-e-type=\"container\">\n\t\t\t\t\t<div class=\"e-con-inner\">\n\t\t<div class=\"elementor-element elementor-element-7f7a015 e-con-full e-flex e-con e-child\" data-id=\"7f7a015\" data-element_type=\"container\" data-e-type=\"container\">\n\t\t\t\t<div class=\"elementor-element elementor-element-dce2916 elementor-invisible elementor-widget elementor-widget-heading\" data-id=\"dce2916\" data-element_type=\"widget\" data-e-type=\"widget\" data-settings=\"{&quot;_animation&quot;:&quot;fadeInDown&quot;}\" data-widget_type=\"heading.default\">\n\t\t\t\t\t<h2 class=\"elementor-heading-title elementor-size-default\">Masterclasses for musicians: <\/h2>\t\t\t\t<\/div>\n\t\t\t\t<div class=\"elementor-element elementor-element-66e17f8 elementor-widget elementor-widget-text-editor\" data-id=\"66e17f8\" data-element_type=\"widget\" data-e-type=\"widget\" data-widget_type=\"text-editor.default\">\n\t\t\t\t\t\t\t\t\t<p>Aimed at tango musicians interested in the interpretation of Astor Piazzolla's music and the composition of contemporary tango.<\/p>\t\t\t\t\t\t\t\t<\/div>\n\t\t\t\t<\/div>\n\t\t<div class=\"elementor-element elementor-element-0e4332c e-con-full e-flex e-con e-child\" data-id=\"0e4332c\" data-element_type=\"container\" data-e-type=\"container\">\n\t\t\t\t<div class=\"elementor-element elementor-element-7642ece elementor-widget elementor-widget-image\" data-id=\"7642ece\" data-element_type=\"widget\" data-e-type=\"widget\" data-widget_type=\"image.default\">\n\t\t\t\t\t\t\t\t\t\t\t\t\t\t\t<img decoding=\"async\" width=\"800\" height=\"533\" src=\"https:\/\/noestango.com.ar\/wp-content\/uploads\/2025\/12\/quinteto.jpg\" class=\"attachment-large size-large wp-image-518\" alt=\"\" srcset=\"https:\/\/noestango.com.ar\/wp-content\/uploads\/2025\/12\/quinteto.jpg 960w, https:\/\/noestango.com.ar\/wp-content\/uploads\/2025\/12\/quinteto-300x200.jpg 300w, https:\/\/noestango.com.ar\/wp-content\/uploads\/2025\/12\/quinteto-768x512.jpg 768w, https:\/\/noestango.com.ar\/wp-content\/uploads\/2025\/12\/quinteto-18x12.jpg 18w\" sizes=\"(max-width: 800px) 100vw, 800px\" \/>\t\t\t\t\t\t\t\t\t\t\t\t\t\t\t<\/div>\n\t\t\t\t<\/div>\n\t\t\t\t\t<\/div>\n\t\t\t\t<\/div>\n\t\t<div class=\"elementor-element elementor-element-d9dd953 e-flex e-con-boxed e-con e-parent\" data-id=\"d9dd953\" data-element_type=\"container\" data-e-type=\"container\">\n\t\t\t\t\t<div class=\"e-con-inner\">\n\t\t<div class=\"elementor-element elementor-element-b1edf3b e-con-full e-flex e-con e-child\" data-id=\"b1edf3b\" data-element_type=\"container\" data-e-type=\"container\">\n\t\t\t\t<div class=\"elementor-element elementor-element-9c760de elementor-invisible elementor-widget elementor-widget-heading\" data-id=\"9c760de\" data-element_type=\"widget\" data-e-type=\"widget\" data-settings=\"{&quot;_animation&quot;:&quot;fadeInDown&quot;}\" data-widget_type=\"heading.default\">\n\t\t\t\t\t<h2 class=\"elementor-heading-title elementor-size-default\">Clases de Tango:<\/h2>\t\t\t\t<\/div>\n\t\t\t\t<div class=\"elementor-element elementor-element-8143c15 elementor-widget elementor-widget-text-editor\" data-id=\"8143c15\" data-element_type=\"widget\" data-e-type=\"widget\" data-widget_type=\"text-editor.default\">\n\t\t\t\t\t\t\t\t\t<p>Dance classes on the basic elements of tango dancing, for the general public or amateur tango dancers.<\/p>\t\t\t\t\t\t\t\t<\/div>\n\t\t\t\t<div class=\"elementor-element elementor-element-0051f74 elementor-widget elementor-widget-button\" data-id=\"0051f74\" data-element_type=\"widget\" data-e-type=\"widget\" data-widget_type=\"button.default\">\n\t\t\t\t\t\t\t\t\t\t<a class=\"elementor-button elementor-button-link elementor-size-sm\" href=\"https:\/\/drive.google.com\/file\/d\/1TCcrUjVBc9Y1lJuYo0tdZTFOCpzKEP0h\/view\" target=\"_blank\">\n\t\t\t\t\t\t<span class=\"elementor-button-content-wrapper\">\n\t\t\t\t\t\t\t\t\t<span class=\"elementor-button-text\">M\u00e1s Informaci\u00f3n<\/span>\n\t\t\t\t\t<\/span>\n\t\t\t\t\t<\/a>\n\t\t\t\t\t\t\t\t<\/div>\n\t\t\t\t<\/div>\n\t\t<div class=\"elementor-element elementor-element-26d0ce7 e-con-full e-flex e-con e-child\" data-id=\"26d0ce7\" data-element_type=\"container\" data-e-type=\"container\">\n\t\t\t\t<div class=\"elementor-element elementor-element-30025b2 elementor-widget elementor-widget-image\" data-id=\"30025b2\" data-element_type=\"widget\" data-e-type=\"widget\" data-widget_type=\"image.default\">\n\t\t\t\t\t\t\t\t\t\t\t\t\t\t\t<img decoding=\"async\" width=\"800\" height=\"481\" src=\"https:\/\/noestango.com.ar\/wp-content\/uploads\/2026\/03\/clases-tango.jpg\" class=\"attachment-large size-large wp-image-626\" alt=\"\" srcset=\"https:\/\/noestango.com.ar\/wp-content\/uploads\/2026\/03\/clases-tango.jpg 900w, https:\/\/noestango.com.ar\/wp-content\/uploads\/2026\/03\/clases-tango-300x180.jpg 300w, https:\/\/noestango.com.ar\/wp-content\/uploads\/2026\/03\/clases-tango-768x462.jpg 768w, https:\/\/noestango.com.ar\/wp-content\/uploads\/2026\/03\/clases-tango-18x12.jpg 18w\" sizes=\"(max-width: 800px) 100vw, 800px\" \/>\t\t\t\t\t\t\t\t\t\t\t\t\t\t\t<\/div>\n\t\t\t\t<\/div>\n\t\t\t\t\t<\/div>\n\t\t\t\t<\/div>\n\t\t\t\t<\/div>","protected":false},"excerpt":{"rendered":"<p>WORKSHOPS Pr\u00e1ctica NOESTANGO Talleres intensivos acerca del lenguaje de movimiento desarrollado por la compa\u00f1\u00eda, dirigidos a bailarines de danza contempor\u00e1nea o bailarines profesionales de tango. Descargar dossier (ESP) Descargar dossier (EN) https:\/\/www.youtube.com\/watch?v=-75lud7TB7s Clases magistrales para m\u00fasicos: Dirigidas a m\u00fasicos de tango interesados en la interpretaci\u00f3n de la m\u00fasica de Astor Piazzolla y la composici\u00f3n de [&hellip;]<\/p>\n","protected":false},"author":2,"featured_media":0,"parent":0,"menu_order":0,"comment_status":"closed","ping_status":"closed","template":"","meta":{"footnotes":""},"class_list":["post-500","page","type-page","status-publish","hentry"],"_hostinger_reach_plugin_has_subscription_block":false,"_hostinger_reach_plugin_is_elementor":false,"_links":{"self":[{"href":"https:\/\/noestango.com.ar\/en\/wp-json\/wp\/v2\/pages\/500","targetHints":{"allow":["GET"]}}],"collection":[{"href":"https:\/\/noestango.com.ar\/en\/wp-json\/wp\/v2\/pages"}],"about":[{"href":"https:\/\/noestango.com.ar\/en\/wp-json\/wp\/v2\/types\/page"}],"author":[{"embeddable":true,"href":"https:\/\/noestango.com.ar\/en\/wp-json\/wp\/v2\/users\/2"}],"replies":[{"embeddable":true,"href":"https:\/\/noestango.com.ar\/en\/wp-json\/wp\/v2\/comments?post=500"}],"version-history":[{"count":46,"href":"https:\/\/noestango.com.ar\/en\/wp-json\/wp\/v2\/pages\/500\/revisions"}],"predecessor-version":[{"id":678,"href":"https:\/\/noestango.com.ar\/en\/wp-json\/wp\/v2\/pages\/500\/revisions\/678"}],"wp:attachment":[{"href":"https:\/\/noestango.com.ar\/en\/wp-json\/wp\/v2\/media?parent=500"}],"curies":[{"name":"wp","href":"https:\/\/api.w.org\/{rel}","templated":true}]}}